{"id":2196,"date":"2017-08-25T09:41:27","date_gmt":"2017-08-25T00:41:27","guid":{"rendered":"http:\/\/tmw.or.jp\/Hospital\/?page_id=2196"},"modified":"2019-07-20T16:44:59","modified_gmt":"2019-07-20T07:44:59","slug":"hospitalization-visits","status":"publish","type":"page","link":"http:\/\/tmw.or.jp\/Hospital\/abouts\/facilities-introduction\/medical-welfare-consultation-room\/hospitalization-visits","title":{"rendered":"\u5165\u9662\u30fb\u53d7\u8a3a\u306e\u304a\u554f\u3044\u5408\u308f\u305b"},"content":{"rendered":"<div id=\"pl-2196\"  class=\"panel-layout\" ><div id=\"pg-2196-0\"  class=\"panel-grid panel-has-style\" ><div style=\"padding: 0px 0; \" data-overlay=\"true\" data-overlay-color=\"#000000\" class=\"panel-row-style panel-row-style-for-2196-0\" ><div id=\"pgc-2196-0-0\"  class=\"panel-grid-cell\" ><div id=\"panel-2196-0-0-0\" class=\"so-panel widget widget_sow-contact-form panel-first-child panel-last-child\" data-index=\"0\" ><div style=\"text-align: left;\" data-title-color=\"#443f3f\" data-headings-color=\"#443f3f\" class=\"panel-widget-style panel-widget-style-for-2196-0-0-0\" ><div\n\t\t\t\n\t\t\tclass=\"so-widget-sow-contact-form so-widget-sow-contact-form-default-d21e747445bc-2196\"\n\t\t\t\n\t\t><h3 class=\"widget-title\">\u5165\u9662\u30fb\u53d7\u8a3a\u306e\u304a\u554f\u3044\u5408\u308f\u305b<\/h3>\t<form\n\t\taction=\"\/Hospital\/wp-json\/wp\/v2\/pages\/2196\"\n\t\tmethod=\"POST\"\n\t\tclass=\"sow-contact-form\"\n\t\tid=\"contact-form-a127\"\n\t>\n\n\t\t\n\t\t            <p><em>*\u304c\u4ed8\u3044\u3066\u3044\u308b\u9805\u76ee\u306f\u5fc5\u9808\u5165\u529b\u3067\u3059\u3002<\/em><\/p>\n\t\t\t\t\t\t<div class=\"sow-form-field sow-form-field-name\">\n\t\t\t\t<label class=\"sow-form-field-label-above\" for=\"sow-contact-form-field-%e3%81%8a%e5%90%8d%e5%89%8d-1\">\n\t\t\t\t<strong>\n\t\t\t\t\t\u304a\u540d\u524d\t\t\t\t\t\t\t\t\t\t\t<span class=\"sow-form-field-required\">*<\/span>\n\t\t\t\t\t\t\t\t\t<\/strong>\n\t\t\t<\/label>\n\t\t\t\t\t\t\t<div class=\"sow-field-container\">\n\t\t\t\t\t\t\t<input\n\t\t\ttype=\"text\"\n\t\t\tname=\"%e3%81%8a%e5%90%8d%e5%89%8d-1\"\n\t\t\tid=\"sow-contact-form-field-%e3%81%8a%e5%90%8d%e5%89%8d-1\"\n\t\t\tvalue=\"\"\n\t\t\tclass=\"sow-text-field\"\n\t\t\t\t\t\taria-describedby=\"sow-contact-form-field-%e3%81%8a%e5%90%8d%e5%89%8d-1-description\" \t\t\/>\n\t\t\t\t\t\t\t\t<div\n\t\t\t\t\t\t\tclass=\"sow-form-field-description\"\n\t\t\t\t\t\t\tid=\"sow-contact-form-field-%e3%81%8a%e5%90%8d%e5%89%8d-1-description\"\n\t\t\t\t\t\t>\n\t\t\t\t\t\t\t\u4f8b\uff1a\u539a\u751f \u592a\u90ce\t\t\t\t\t\t<\/div>\n\t\t\t\t\t\t\t\t\t\t<\/div>\n\t\t\t\t\t\t\t<\/div>\n\t\t\t\t\t\t<div class=\"sow-form-field sow-form-field-email\">\n\t\t\t\t<label class=\"sow-form-field-label-above\" for=\"sow-contact-form-field-%e9%80%a3%e7%b5%a1%e5%85%88%e3%82%a2%e3%83%89%e3%83%ac%e3%82%b9-1\">\n\t\t\t\t<strong>\n\t\t\t\t\t\u9023\u7d61\u5148\u30a2\u30c9\u30ec\u30b9\t\t\t\t\t\t\t\t\t\t\t<span class=\"sow-form-field-required\">*<\/span>\n\t\t\t\t\t\t\t\t\t<\/strong>\n\t\t\t<\/label>\n\t\t\t\t\t\t\t<div class=\"sow-field-container\">\n\t\t\t\t\t\t\t<input\n\t\t\ttype=\"email\"\n\t\t\tname=\"%e9%80%a3%e7%b5%a1%e5%85%88%e3%82%a2%e3%83%89%e3%83%ac%e3%82%b9-1\"\n\t\t\tid=\"sow-contact-form-field-%e9%80%a3%e7%b5%a1%e5%85%88%e3%82%a2%e3%83%89%e3%83%ac%e3%82%b9-1\"\n\t\t\tvalue=\"\"\n\t\t\tclass=\"sow-text-field\"\t\t\taria-describedby=\"sow-contact-form-field-%e9%80%a3%e7%b5%a1%e5%85%88%e3%82%a2%e3%83%89%e3%83%ac%e3%82%b9-1-description\" \t\t\t\t\t\/>\n\t\t\t\t\t\t\t\t<div\n\t\t\t\t\t\t\tclass=\"sow-form-field-description\"\n\t\t\t\t\t\t\tid=\"sow-contact-form-field-%e9%80%a3%e7%b5%a1%e5%85%88%e3%82%a2%e3%83%89%e3%83%ac%e3%82%b9-1-description\"\n\t\t\t\t\t\t>\n\t\t\t\t\t\t\t\u4f8b\uff1a\u00d7\u00d7\u00d7\uff20\u00d7\u00d7\u00d7.ne.jp\t\t\t\t\t\t<\/div>\n\t\t\t\t\t\t\t\t\t\t<\/div>\n\t\t\t\t\t\t\t<\/div>\n\t\t\t\t\t\t<div class=\"sow-form-field sow-form-field-tel\">\n\t\t\t\t<label class=\"sow-form-field-label-above\" for=\"sow-contact-form-field-%e9%9b%bb%e8%a9%b1%e7%95%aa%e5%8f%b7-1\">\n\t\t\t\t<strong>\n\t\t\t\t\t\u96fb\u8a71\u756a\u53f7\t\t\t\t\t\t\t\t\t\t\t<span class=\"sow-form-field-required\">*<\/span>\n\t\t\t\t\t\t\t\t\t<\/strong>\n\t\t\t<\/label>\n\t\t\t\t\t\t\t<div class=\"sow-field-container\">\n\t\t\t\t\t\t\t<input\n\t\t\ttype=\"tel\"\n\t\t\tname=\"%e9%9b%bb%e8%a9%b1%e7%95%aa%e5%8f%b7-1\"\n\t\t\tid=\"sow-contact-form-field-%e9%9b%bb%e8%a9%b1%e7%95%aa%e5%8f%b7-1\"\n\t\t\tvalue=\"\"\n\t\t\tclass=\"sow-text-field\"\t\t\taria-describedby=\"sow-contact-form-field-%e9%9b%bb%e8%a9%b1%e7%95%aa%e5%8f%b7-1-description\" \t\t\t\t\t\/>\n\t\t\t\t\t\t\t\t<div\n\t\t\t\t\t\t\tclass=\"sow-form-field-description\"\n\t\t\t\t\t\t\tid=\"sow-contact-form-field-%e9%9b%bb%e8%a9%b1%e7%95%aa%e5%8f%b7-1-description\"\n\t\t\t\t\t\t>\n\t\t\t\t\t\t\t\u4f8b\uff1a023-645-8118\t\t\t\t\t\t<\/div>\n\t\t\t\t\t\t\t\t\t\t<\/div>\n\t\t\t\t\t\t\t<\/div>\n\t\t\t\t\t\t<div class=\"sow-form-field sow-form-field-radio\">\n\t\t\t\t<label class=\"sow-form-field-label-above\" for=\"sow-contact-form-field-%e7%9b%b8%e8%ab%87%e5%86%85%e5%ae%b9-1\">\n\t\t\t\t<strong>\n\t\t\t\t\t\u76f8\u8ac7\u5185\u5bb9\t\t\t\t\t\t\t\t\t<\/strong>\n\t\t\t<\/label>\n\t\t\t\t\t\t\t<div class=\"sow-field-container\">\n\t\t\t\t\t\t\t\t<ul>\n\t\t\t\t\t\t\t\t\t<li>\n\t\t\t\t\t\t<label>\n\t\t\t\t\t\t\t<input\n\t\t\t\t\t\t\t\ttype=\"radio\"\n\t\t\t\t\t\t\t\tvalue=\"\u5165\u9662\"\n\t\t\t\t\t\t\t\tname=\"%e7%9b%b8%e8%ab%87%e5%86%85%e5%ae%b9-1\"\n\t\t\t\t\t\t\t\tid=\"sow-contact-form-field-%e7%9b%b8%e8%ab%87%e5%86%85%e5%ae%b9-1-0\"\n\t\t\t\t\t\t\t\t\t\t\t\t\t\t\t\t\t\t\t\t\t\t\t\/>\n\t\t\t\t\t\t\t\u5165\u9662\t\t\t\t\t\t<\/label>\n\t\t\t\t\t<\/li>\n\t\t\t\t\t\t\t\t\t<li>\n\t\t\t\t\t\t<label>\n\t\t\t\t\t\t\t<input\n\t\t\t\t\t\t\t\ttype=\"radio\"\n\t\t\t\t\t\t\t\tvalue=\"\u5916\u6765\u53d7\u8a3a\"\n\t\t\t\t\t\t\t\tname=\"%e7%9b%b8%e8%ab%87%e5%86%85%e5%ae%b9-1\"\n\t\t\t\t\t\t\t\tid=\"sow-contact-form-field-%e7%9b%b8%e8%ab%87%e5%86%85%e5%ae%b9-1-1\"\n\t\t\t\t\t\t\t\t\t\t\t\t\t\t\t\t\t\t\t\t\t\t\t\/>\n\t\t\t\t\t\t\t\u5916\u6765\u53d7\u8a3a\t\t\t\t\t\t<\/label>\n\t\t\t\t\t<\/li>\n\t\t\t\t\t\t\t<\/ul>\n\t\t\t\t\t\t<\/div>\n\t\t\t\t\t\t\t<\/div>\n\t\t\t\t\t\t<div class=\"sow-form-field sow-form-field-textarea\">\n\t\t\t\t<label class=\"sow-form-field-label-above\" for=\"sow-contact-form-field-%e6%9c%ac%e6%96%87-1\">\n\t\t\t\t<strong>\n\t\t\t\t\t\u672c\u6587\t\t\t\t\t\t\t\t\t\t\t<span class=\"sow-form-field-required\">*<\/span>\n\t\t\t\t\t\t\t\t\t<\/strong>\n\t\t\t<\/label>\n\t\t\t\t\t\t\t<div class=\"sow-field-container\">\n\t\t\t\t\t\t\t<textarea\n\t\t\tname=\"%e6%9c%ac%e6%96%87-1\"\n\t\t\tid=\"sow-contact-form-field-%e6%9c%ac%e6%96%87-1\"\n\t\t\trows=\"10\"\n\t\t\t\t\t\taria-describedby=\"sow-contact-form-field-%e6%9c%ac%e6%96%87-1-description\" \t\t><\/textarea>\n\t\t\t\t\t\t\t\t<div\n\t\t\t\t\t\t\tclass=\"sow-form-field-description\"\n\t\t\t\t\t\t\tid=\"sow-contact-form-field-%e6%9c%ac%e6%96%87-1-description\"\n\t\t\t\t\t\t>\n\t\t\t\t\t\t\t\u4f8b\uff1a\u3054\u8cea\u554f\u3001\u3054\u76f8\u8ac7\u5185\u5bb9\u3092\u3054\u5165\u529b\u4e0b\u3055\u3044\t\t\t\t\t\t<\/div>\n\t\t\t\t\t\t\t\t\t\t<\/div>\n\t\t\t\t\t\t\t<\/div>\n\t\t\t\n\t\t\n\t\t<div class=\"sow-submit-wrapper \n\t\tsow-submit-styled\t\t\">\n\n\t\t\t<button\n\t\t\t\ttype=\"submit\"\n\t\t\t\tclass=\"sow-submit\n\t\t\t\t\t\t\t\t\"\n\t\t\t\t\t\t\t>\n\t\t\t\t\u9001\u4fe1\t\t\t<\/button>\n\t\t<\/div>\n\t\t\t\t<input\n\t\t\ttype=\"hidden\"\n\t\t\tname=\"instance_hash-1\"\n\t\t\tvalue=\"a127cdff\"\n\t\t\/>\n\n\t\t<input type=\"hidden\" id=\"_wpnonce\" name=\"_wpnonce\" value=\"af588bd764\" \/><input type=\"hidden\" name=\"_wp_http_referer\" value=\"\/Hospital\/wp-json\/wp\/v2\/pages\/2196\" \/>\t<\/form>\n\t<\/div><\/div><\/div><\/div><\/div><\/div><\/div>","protected":false},"excerpt":{"rendered":"<p>\u5165\u9662\u30fb\u53d7\u8a3a\u306e\u304a\u554f\u3044\u5408\u308f\u305b *\u304c\u4ed8\u3044\u3066\u3044\u308b\u9805\u76ee [&hellip;]<\/p>\n","protected":false},"author":1,"featured_media":0,"parent":197,"menu_order":1372,"comment_status":"closed","ping_status":"closed","template":"original-page.php","meta":{"footnotes":""},"class_list":["post-2196","page","type-page","status-publish","hentry"],"_links":{"self":[{"href":"http:\/\/tmw.or.jp\/Hospital\/wp-json\/wp\/v2\/pages\/2196","targetHints":{"allow":["GET"]}}],"collection":[{"href":"http:\/\/tmw.or.jp\/Hospital\/wp-json\/wp\/v2\/pages"}],"about":[{"href":"http:\/\/tmw.or.jp\/Hospital\/wp-json\/wp\/v2\/types\/page"}],"author":[{"embeddable":true,"href":"http:\/\/tmw.or.jp\/Hospital\/wp-json\/wp\/v2\/users\/1"}],"replies":[{"embeddable":true,"href":"http:\/\/tmw.or.jp\/Hospital\/wp-json\/wp\/v2\/comments?post=2196"}],"version-history":[{"count":22,"href":"http:\/\/tmw.or.jp\/Hospital\/wp-json\/wp\/v2\/pages\/2196\/revisions"}],"predecessor-version":[{"id":3134,"href":"http:\/\/tmw.or.jp\/Hospital\/wp-json\/wp\/v2\/pages\/2196\/revisions\/3134"}],"up":[{"embeddable":true,"href":"http:\/\/tmw.or.jp\/Hospital\/wp-json\/wp\/v2\/pages\/197"}],"wp:attachment":[{"href":"http:\/\/tmw.or.jp\/Hospital\/wp-json\/wp\/v2\/media?parent=2196"}],"curies":[{"name":"wp","href":"https:\/\/api.w.org\/{rel}","templated":true}]}}